{"id":292,"date":"2024-07-29T15:27:32","date_gmt":"2024-07-29T15:27:32","guid":{"rendered":"https:\/\/bodegabombal.com\/?post_type=product&#038;p=292"},"modified":"2025-05-28T16:55:52","modified_gmt":"2025-05-28T19:55:52","slug":"finca-bombal-malbec-rose","status":"publish","type":"product","link":"https:\/\/bodegabombal.com\/en\/finca-bombal-malbec-rose\/","title":{"rendered":"Finca Bombal &#8211; Malbec Ros\u00e9"},"content":{"rendered":"<p>Delicate and aromatic ros\u00e9, made 100% from Malbec grapes. Fresh and fruity, it's a versatile option for pairing with a variety of dishes.<\/p>\n<p>&nbsp;<\/p>\n<p><a class=\"producto__link\" href=\"https:\/\/articulo.mercadolibre.com.ar\/MLA-1497079167-finca-bombal-rose-bodega-bombal-_JM\" target=\"_blank\" rel=\"noopener\">Buy<\/a><\/p>","protected":false},"excerpt":{"rendered":"<p>Rosado delicado y arom\u00e1tico, elaborado 100% con uvas Malbec. Fresco y frutal, es una opci\u00f3n vers\u00e1til para maridar con diversas comidas. &nbsp; Comprar<\/p>","protected":false},"featured_media":307,"comment_status":"open","ping_status":"closed","template":"","meta":[],"product_brand":[],"product_cat":[23,22],"product_tag":[],"class_list":{"0":"post-292","1":"product","2":"type-product","3":"status-publish","4":"has-post-thumbnail","6":"product_cat-malbec","7":"product_cat-vino","9":"first","10":"instock","11":"shipping-taxable","12":"purchasable","13":"product-type-simple"},"aioseo_notices":[],"_links":{"self":[{"href":"https:\/\/bodegabombal.com\/en\/wp-json\/wp\/v2\/product\/292","targetHints":{"allow":["GET"]}}],"collection":[{"href":"https:\/\/bodegabombal.com\/en\/wp-json\/wp\/v2\/product"}],"about":[{"href":"https:\/\/bodegabombal.com\/en\/wp-json\/wp\/v2\/types\/product"}],"replies":[{"embeddable":true,"href":"https:\/\/bodegabombal.com\/en\/wp-json\/wp\/v2\/comments?post=292"}],"wp:featuredmedia":[{"embeddable":true,"href":"https:\/\/bodegabombal.com\/en\/wp-json\/wp\/v2\/media\/307"}],"wp:attachment":[{"href":"https:\/\/bodegabombal.com\/en\/wp-json\/wp\/v2\/media?parent=292"}],"wp:term":[{"taxonomy":"product_brand","embeddable":true,"href":"https:\/\/bodegabombal.com\/en\/wp-json\/wp\/v2\/product_brand?post=292"},{"taxonomy":"product_cat","embeddable":true,"href":"https:\/\/bodegabombal.com\/en\/wp-json\/wp\/v2\/product_cat?post=292"},{"taxonomy":"product_tag","embeddable":true,"href":"https:\/\/bodegabombal.com\/en\/wp-json\/wp\/v2\/product_tag?post=292"}],"curies":[{"name":"wp","href":"https:\/\/api.w.org\/{rel}","templated":true}]}}